{"id":9,"date":"2024-04-16T12:22:38","date_gmt":"2024-04-16T10:22:38","guid":{"rendered":"https:\/\/www.cosyvillage.be\/?page_id=9"},"modified":"2024-04-16T18:50:38","modified_gmt":"2024-04-16T16:50:38","slug":"accueil","status":"publish","type":"page","link":"https:\/\/www.cosyvillage.be\/","title":{"rendered":"Accueil"},"content":{"rendered":"\n<p>R\u00e9fl\u00e9chir \u00e0 l&rsquo;avanc\u00e9e en \u00e2ge, \u00e0 ses besoins et souhaits d&rsquo;accompagnement, mais aussi en lien avec diff\u00e9rents lieux de vie : domicile individuel, copropri\u00e9t\u00e9, habitat group\u00e9, r\u00e9sidence, maison de repos&#8230;<\/p>\n","protected":false},"excerpt":{"rendered":"<p>R\u00e9fl\u00e9chir \u00e0 l&rsquo;avanc\u00e9e en \u00e2ge, \u00e0 ses besoins et souhaits d&rsquo;accompagnement, mais aussi en lien avec diff\u00e9rents lieux de vie : domicile individuel, copropri\u00e9t\u00e9, habitat group\u00e9, r\u00e9sidence, maison de repos&#8230;<\/p>\n","protected":false},"author":1,"featured_media":0,"parent":0,"menu_order":0,"comment_status":"closed","ping_status":"closed","template":"","meta":{"footnotes":""},"class_list":["post-9","page","type-page","status-publish","hentry"],"_links":{"self":[{"href":"https:\/\/www.cosyvillage.be\/index.php?rest_route=\/wp\/v2\/pages\/9","targetHints":{"allow":["GET"]}}],"collection":[{"href":"https:\/\/www.cosyvillage.be\/index.php?rest_route=\/wp\/v2\/pages"}],"about":[{"href":"https:\/\/www.cosyvillage.be\/index.php?rest_route=\/wp\/v2\/types\/page"}],"author":[{"embeddable":true,"href":"https:\/\/www.cosyvillage.be\/index.php?rest_route=\/wp\/v2\/users\/1"}],"replies":[{"embeddable":true,"href":"https:\/\/www.cosyvillage.be\/index.php?rest_route=%2Fwp%2Fv2%2Fcomments&post=9"}],"version-history":[{"count":5,"href":"https:\/\/www.cosyvillage.be\/index.php?rest_route=\/wp\/v2\/pages\/9\/revisions"}],"predecessor-version":[{"id":84,"href":"https:\/\/www.cosyvillage.be\/index.php?rest_route=\/wp\/v2\/pages\/9\/revisions\/84"}],"wp:attachment":[{"href":"https:\/\/www.cosyvillage.be\/index.php?rest_route=%2Fwp%2Fv2%2Fmedia&parent=9"}],"curies":[{"name":"wp","href":"https:\/\/api.w.org\/{rel}","templated":true}]}}