{"id":13,"date":"2024-04-16T12:22:38","date_gmt":"2024-04-16T10:22:38","guid":{"rendered":"https:\/\/www.cosyvillage.be\/?page_id=13"},"modified":"2024-04-16T18:51:54","modified_gmt":"2024-04-16T16:51:54","slug":"une-section-de-page-daccueil","status":"publish","type":"page","link":"https:\/\/www.cosyvillage.be\/?page_id=13","title":{"rendered":"Ateliers"},"content":{"rendered":"\n<p>Nous organisons une fois par mois des ateliers de partage et de discussion permettant aux a\u00een\u00e9s et \u00e0 leurs proches de r\u00e9fl\u00e9chir \u00e0 leurs diff\u00e9rents besoins, \u00e0 leurs souhaits envisag\u00e9s pour demain et \u00e0 leurs priorit\u00e9s personnelles.<\/p>\n\n\n\n<p>Tous ensemble et en petits groupes, nous<\/p>\n\n\n\n<ul class=\"wp-block-list\">\n<li>Discutons des pistes de solution d\u00e9j\u00e0 imagin\u00e9es,<\/li>\n\n\n\n<li>Partageons les options ou mod\u00e8les existants actuellement ou en d\u00e9veloppement, du mod\u00e8le le plus classique aux mod\u00e8les les plus innovants,<\/li>\n\n\n\n<li>Si n\u00e9cessaire, nous faisons appel \u00e0 des soutiens sp\u00e9cialis\u00e9s du secteur social-sant\u00e9.<\/li>\n<\/ul>\n","protected":false},"excerpt":{"rendered":"<p>Nous organisons une fois par mois des ateliers de partage et de discussion permettant aux a\u00een\u00e9s et \u00e0 leurs proches de r\u00e9fl\u00e9chir \u00e0 leurs diff\u00e9rents besoins, \u00e0 leurs souhaits envisag\u00e9s pour demain et \u00e0 leurs priorit\u00e9s personnelles. Tous ensemble et en petits groupes, nous<\/p>\n","protected":false},"author":1,"featured_media":68,"parent":0,"menu_order":0,"comment_status":"closed","ping_status":"closed","template":"","meta":{"footnotes":""},"class_list":["post-13","page","type-page","status-publish","has-post-thumbnail","hentry"],"_links":{"self":[{"href":"https:\/\/www.cosyvillage.be\/index.php?rest_route=\/wp\/v2\/pages\/13","targetHints":{"allow":["GET"]}}],"collection":[{"href":"https:\/\/www.cosyvillage.be\/index.php?rest_route=\/wp\/v2\/pages"}],"about":[{"href":"https:\/\/www.cosyvillage.be\/index.php?rest_route=\/wp\/v2\/types\/page"}],"author":[{"embeddable":true,"href":"https:\/\/www.cosyvillage.be\/index.php?rest_route=\/wp\/v2\/users\/1"}],"replies":[{"embeddable":true,"href":"https:\/\/www.cosyvillage.be\/index.php?rest_route=%2Fwp%2Fv2%2Fcomments&post=13"}],"version-history":[{"count":7,"href":"https:\/\/www.cosyvillage.be\/index.php?rest_route=\/wp\/v2\/pages\/13\/revisions"}],"predecessor-version":[{"id":86,"href":"https:\/\/www.cosyvillage.be\/index.php?rest_route=\/wp\/v2\/pages\/13\/revisions\/86"}],"wp:featuredmedia":[{"embeddable":true,"href":"https:\/\/www.cosyvillage.be\/index.php?rest_route=\/wp\/v2\/media\/68"}],"wp:attachment":[{"href":"https:\/\/www.cosyvillage.be\/index.php?rest_route=%2Fwp%2Fv2%2Fmedia&parent=13"}],"curies":[{"name":"wp","href":"https:\/\/api.w.org\/{rel}","templated":true}]}}