{"id":11,"date":"2024-04-16T12:22:38","date_gmt":"2024-04-16T10:22:38","guid":{"rendered":"https:\/\/www.cosyvillage.be\/?page_id=11"},"modified":"2024-04-16T18:56:35","modified_gmt":"2024-04-16T16:56:35","slug":"contact","status":"publish","type":"page","link":"https:\/\/www.cosyvillage.be\/?page_id=11","title":{"rendered":"\u00c0 propos de"},"content":{"rendered":"\n<p>Chantal Dehon, infirmi\u00e8re de formation, experte sant\u00e9 et vieillissement depuis 30 ans.<\/p>\n\n\n\n<p>Pour accompagner vos souhaits, animation d&rsquo;ateliers mensuels de r\u00e9flexion discussion, passage \u00e0 l&rsquo;action. <br>Mise \u00e0 disposition d\u2019une exp\u00e9rience en gestion de groupes et projets, et surtout d&rsquo;un sens de l\u2019humain et de l\u2019\u00e9coute, de capacit\u00e9s d\u2019organisation, de r\u00e9seautage, de dynamisme.<\/p>\n\n\n\n<p>Chantal Dehon coordonne les activit\u00e9s de Cosy Village et anime les ateliers th\u00e9matiques.<\/p>\n","protected":false},"excerpt":{"rendered":"<p>Chantal Dehon, infirmi\u00e8re de formation, experte sant\u00e9 et vieillissement depuis 30 ans. Pour accompagner vos souhaits, animation d&rsquo;ateliers mensuels de r\u00e9flexion discussion, passage \u00e0 l&rsquo;action. Mise \u00e0 disposition d\u2019une exp\u00e9rience en gestion de groupes et projets, et surtout d&rsquo;un sens de l\u2019humain et de l\u2019\u00e9coute, de capacit\u00e9s d\u2019organisation, de r\u00e9seautage, de dynamisme. Chantal Dehon coordonne &hellip; <\/p>\n<p class=\"link-more\"><a href=\"https:\/\/www.cosyvillage.be\/?page_id=11\" class=\"more-link\">Continuer la lecture<span class=\"screen-reader-text\"> de &laquo;&nbsp;\u00c0 propos de&nbsp;&raquo;<\/span><\/a><\/p>\n","protected":false},"author":1,"featured_media":55,"parent":0,"menu_order":0,"comment_status":"closed","ping_status":"closed","template":"","meta":{"footnotes":""},"class_list":["post-11","page","type-page","status-publish","has-post-thumbnail","hentry"],"_links":{"self":[{"href":"https:\/\/www.cosyvillage.be\/index.php?rest_route=\/wp\/v2\/pages\/11","targetHints":{"allow":["GET"]}}],"collection":[{"href":"https:\/\/www.cosyvillage.be\/index.php?rest_route=\/wp\/v2\/pages"}],"about":[{"href":"https:\/\/www.cosyvillage.be\/index.php?rest_route=\/wp\/v2\/types\/page"}],"author":[{"embeddable":true,"href":"https:\/\/www.cosyvillage.be\/index.php?rest_route=\/wp\/v2\/users\/1"}],"replies":[{"embeddable":true,"href":"https:\/\/www.cosyvillage.be\/index.php?rest_route=%2Fwp%2Fv2%2Fcomments&post=11"}],"version-history":[{"count":4,"href":"https:\/\/www.cosyvillage.be\/index.php?rest_route=\/wp\/v2\/pages\/11\/revisions"}],"predecessor-version":[{"id":88,"href":"https:\/\/www.cosyvillage.be\/index.php?rest_route=\/wp\/v2\/pages\/11\/revisions\/88"}],"wp:featuredmedia":[{"embeddable":true,"href":"https:\/\/www.cosyvillage.be\/index.php?rest_route=\/wp\/v2\/media\/55"}],"wp:attachment":[{"href":"https:\/\/www.cosyvillage.be\/index.php?rest_route=%2Fwp%2Fv2%2Fmedia&parent=11"}],"curies":[{"name":"wp","href":"https:\/\/api.w.org\/{rel}","templated":true}]}}