{"id":10,"date":"2024-04-16T12:22:38","date_gmt":"2024-04-16T10:22:38","guid":{"rendered":"https:\/\/www.cosyvillage.be\/?page_id=10"},"modified":"2024-04-16T13:54:14","modified_gmt":"2024-04-16T11:54:14","slug":"a-propos-de","status":"publish","type":"page","link":"https:\/\/www.cosyvillage.be\/?page_id=10","title":{"rendered":"Partenaires"},"content":{"rendered":"\n<p>Selon les demandes, d&rsquo;autres intervenants invit\u00e9s pourraient aborder les th\u00e8mes ci-dessous :<\/p>\n\n\n\n<ul class=\"wp-block-list\">\n<li>Am\u00e9nager son lieu de vie actuel<\/li>\n\n\n\n<li>Analyser son budget pour le futur<\/li>\n\n\n\n<li>R\u00e9aliser ses d\u00e9clarations anticip\u00e9es<\/li>\n\n\n\n<li>\u00catre aid\u00e9 dans sa gestion administrative<\/li>\n\n\n\n<li>Renforcer ses relations et le lien social<\/li>\n\n\n\n<li>Faire appel aux aides et aux soins<\/li>\n\n\n\n<li>G\u00e9rer son patrimoine<\/li>\n\n\n\n<li>Partager ses habitudes de vie et les communiquer<\/li>\n\n\n\n<li>S&rsquo;int\u00e9resser \u00e0 de nouveaux mod\u00e8les de lieu de vie, peut-\u00eatre aller en visiter&#8230;<\/li>\n\n\n\n<li>&#8230;<\/li>\n<\/ul>\n","protected":false},"excerpt":{"rendered":"<p>Selon les demandes, d&rsquo;autres intervenants invit\u00e9s pourraient aborder les th\u00e8mes ci-dessous :<\/p>\n","protected":false},"author":1,"featured_media":52,"parent":0,"menu_order":0,"comment_status":"closed","ping_status":"closed","template":"","meta":{"footnotes":""},"class_list":["post-10","page","type-page","status-publish","has-post-thumbnail","hentry"],"_links":{"self":[{"href":"https:\/\/www.cosyvillage.be\/index.php?rest_route=\/wp\/v2\/pages\/10","targetHints":{"allow":["GET"]}}],"collection":[{"href":"https:\/\/www.cosyvillage.be\/index.php?rest_route=\/wp\/v2\/pages"}],"about":[{"href":"https:\/\/www.cosyvillage.be\/index.php?rest_route=\/wp\/v2\/types\/page"}],"author":[{"embeddable":true,"href":"https:\/\/www.cosyvillage.be\/index.php?rest_route=\/wp\/v2\/users\/1"}],"replies":[{"embeddable":true,"href":"https:\/\/www.cosyvillage.be\/index.php?rest_route=%2Fwp%2Fv2%2Fcomments&post=10"}],"version-history":[{"count":4,"href":"https:\/\/www.cosyvillage.be\/index.php?rest_route=\/wp\/v2\/pages\/10\/revisions"}],"predecessor-version":[{"id":77,"href":"https:\/\/www.cosyvillage.be\/index.php?rest_route=\/wp\/v2\/pages\/10\/revisions\/77"}],"wp:featuredmedia":[{"embeddable":true,"href":"https:\/\/www.cosyvillage.be\/index.php?rest_route=\/wp\/v2\/media\/52"}],"wp:attachment":[{"href":"https:\/\/www.cosyvillage.be\/index.php?rest_route=%2Fwp%2Fv2%2Fmedia&parent=10"}],"curies":[{"name":"wp","href":"https:\/\/api.w.org\/{rel}","templated":true}]}}